{"id":114,"date":"2017-06-27T10:54:17","date_gmt":"2017-06-27T10:54:17","guid":{"rendered":"https:\/\/focused-hellman.217-160-42-69.plesk.page\/?page_id=114"},"modified":"2026-02-21T12:18:06","modified_gmt":"2026-02-21T12:18:06","slug":"contatti","status":"publish","type":"page","link":"https:\/\/lepiscinedieolo.it\/en\/contatti\/","title":{"rendered":"Contatti"},"content":{"rendered":"<div class=\"vc_row wpb_row vc_row-fluid\"><div class=\"wpb_column vc_column_container vc_col-sm-12 sc_layouts_column_icons_position_left\"><div class=\"vc_column-inner\"><div class=\"wpb_wrapper\"><div class=\"vc_empty_space  height_huge\"   style=\"height: 32px\"><span class=\"vc_empty_space_inner\"><\/span><\/div><div id=\"sc_content_546784537\"\r\n\t\tclass=\"sc_content color_style_default sc_content_grey sc_float_center\"><div class=\"sc_content_container\"><div class=\"vc_row wpb_row vc_inner vc_row-fluid\"><div class=\"wpb_column vc_column_container vc_col-sm-6 sc_layouts_column_icons_position_left\"><div class=\"vc_column-inner\"><div class=\"wpb_wrapper\"><div id=\"sc_googlemap_1811955052_wrap\" class=\"sc_googlemap_wrap\"><div id=\"sc_googlemap_1811955052\"\r\n\t\t\tclass=\"sc_googlemap sc_googlemap_default\"\r\n\t\t\t style=\"width:100%;height:645px;\"\t\t\tdata-zoom=\"17\"\r\n\t\t\tdata-style=\"simple\"\r\n\t\t\tdata-cluster-icon=\"\"\r\n        ><iframe\r\n                    src=\"https:\/\/maps.google.com\/maps?t=m&output=embed&iwloc=near&z=17&q=Contrada+Capistello%2C+Lipari%2C+ME%2C+9855\"\r\n                    scrolling=\"no\"\r\n                    marginheight=\"0\"\r\n                    marginwidth=\"0\"\r\n                    frameborder=\"0\"\r\n                    aria-label=\"\"><\/iframe><\/div><\/div><!-- \/.sc_googlemap_wrap --><\/div><\/div><\/div><div class=\"wpb_column vc_column_container vc_col-sm-6 vc_col-md-offset-1 vc_col-md-5 sc_layouts_column_icons_position_left\"><div class=\"vc_column-inner\"><div class=\"wpb_wrapper\"><div id=\"sc_title_484741851\"\r\n\t\tclass=\"sc_title color_style_default sc_title_default\"><h6 class=\"sc_item_subtitle sc_title_subtitle sc_align_left sc_item_title_style_default\">Informazioni di contatto<\/h6><h3 class=\"sc_item_title sc_title_title sc_align_left sc_item_title_style_default\">Ti stiamo aspettando<\/h3><div class=\"sc_item_descr sc_title_descr sc_align_left\"><p>La nostra attivit\u00e0 \u00e8 ubicata a Lipari, arcipelago delle Isole Eolie - Sicilia.<br \/>\nPuoi trovarci in contrada capistello SNC - \u00e8 disponibile anche un servizio navetta per raggiungere facilmente la destinazione<\/p>\n<\/div><\/div><!-- \/.sc_title --><div id=\"sc_icons_2048560950\" \r\n\tclass=\"sc_icons sc_icons_default sc_icons_size_small sc_align_left\"><div class=\"sc_icons_item sc_icons_item_linked\"><div id=\"sc_icons_2048560950_icon-icon_phone\" class=\"sc_icons_icon sc_icon_type_ icon-icon_phone\"\r\n\t\t\t\t\t\t\t\t\t\t\t\t><span class=\"sc_icon_type_ icon-icon_phone\"><\/span><\/div><h4 class=\"sc_icons_item_title\"><span>Chiamaci +39 347 770 3461<\/span><\/h4><a href=\"tel:0%20\" class=\"sc_icons_item_link\"><\/a><\/div><div class=\"sc_icons_item\"><div id=\"sc_icons_2048560950_icon-icon_clock\" class=\"sc_icons_icon sc_icon_type_ icon-icon_clock\"\r\n\t\t\t\t\t\t\t\t\t\t\t\t><span class=\"sc_icon_type_ icon-icon_clock\"><\/span><\/div><h4 class=\"sc_icons_item_title\"><span>Orari d&#039;apertura 9:00 - 18:00<\/span><\/h4><\/div><div class=\"sc_icons_item\"><div id=\"sc_icons_2048560950_icon-icon_pin\" class=\"sc_icons_icon sc_icon_type_ icon-icon_pin\"\r\n\t\t\t\t\t\t\t\t\t\t\t\t><span class=\"sc_icon_type_ icon-icon_pin\"><\/span><\/div><h4 class=\"sc_icons_item_title\"><span>Contrada Capistello, 98055 - Lipari (ME)<\/span><\/h4><\/div><div class=\"sc_icons_item sc_icons_item_linked\"><div id=\"sc_icons_2048560950_icon-icon_envelope\" class=\"sc_icons_icon sc_icon_type_ icon-icon_envelope\"\r\n\t\t\t\t\t\t\t\t\t\t\t\t><span class=\"sc_icon_type_ icon-icon_envelope\"><\/span><\/div><h4 class=\"sc_icons_item_title\"><span>lepiscinedieolo@gmail.com<\/span><\/h4><a href=\"mailto:lepiscinedieolo@gmail.com\" class=\"sc_icons_item_link\"><\/a><\/div><\/div><!-- \/.sc_icons --><\/div><\/div><\/div><\/div><\/div><\/div><!-- \/.sc_content --><div class=\"vc_empty_space  height_huge\"   style=\"height: 32px\"><span class=\"vc_empty_space_inner\"><\/span><\/div><\/div><\/div><\/div><\/div><div data-vc-full-width=\"true\" data-vc-full-width-init=\"false\" class=\"vc_row wpb_row vc_row-fluid contact_form vc_custom_1655032369024 vc_row-has-fill\"><div class=\"with_bg wpb_column vc_column_container vc_col-sm-12 vc_col-md-offset-3 vc_col-md-6 vc_col-xs-12 sc_layouts_column_icons_position_left\"><div class=\"vc_column-inner\"><div class=\"wpb_wrapper\"><div class=\"vc_empty_space  height_huge\"   style=\"height: 32px\"><span class=\"vc_empty_space_inner\"><\/span><\/div><div id=\"sc_content_998604359\"\r\n\t\tclass=\"sc_content color_style_default scheme_dark sc_content_default sc_float_center\"><div class=\"sc_content_container\"><div id=\"sc_title_45154215\"\r\n\t\tclass=\"sc_title color_style_default sc_title_default\"><h6 class=\"sc_item_subtitle sc_title_subtitle sc_align_center sc_item_title_style_default\">Sentiti libero di contattarci<\/h6><h3 class=\"sc_item_title sc_title_title sc_align_center sc_item_title_style_default\">Scrivici un messaggio<\/h3><\/div><!-- \/.sc_title --><\/div><\/div><!-- \/.sc_content --><div class=\"vc_empty_space  height_medium\"   style=\"height: 32px\"><span class=\"vc_empty_space_inner\"><\/span><\/div>\n<div class=\"wpcf7 no-js\" id=\"wpcf7-f6-o1\" lang=\"en-US\" dir=\"ltr\" data-wpcf7-id=\"6\">\n<div class=\"screen-reader-response\"><p role=\"status\" aria-live=\"polite\" aria-atomic=\"true\"><\/p> <ul><\/ul><\/div>\n<form action=\"\/en\/wp-json\/wp\/v2\/pages\/114#wpcf7-f6-o1\" method=\"post\" class=\"wpcf7-form init\" aria-label=\"Contact form\" novalidate=\"novalidate\" data-status=\"init\" data-trp-original-action=\"\/en\/wp-json\/wp\/v2\/pages\/114#wpcf7-f6-o1\">\n<fieldset class=\"hidden-fields-container\"><input type=\"hidden\" name=\"_wpcf7\" value=\"6\" \/><input type=\"hidden\" name=\"_wpcf7_version\" value=\"6.1.5\" \/><input type=\"hidden\" name=\"_wpcf7_locale\" value=\"en_US\" \/><input type=\"hidden\" name=\"_wpcf7_unit_tag\" value=\"wpcf7-f6-o1\" \/><input type=\"hidden\" name=\"_wpcf7_container_post\" value=\"0\" \/><input type=\"hidden\" name=\"_wpcf7_posted_data_hash\" value=\"\" \/>\n<\/fieldset>\n<p><label><br \/>\n<span class=\"wpcf7-form-control-wrap\" data-name=\"your-name\"><input size=\"40\" maxlength=\"400\" class=\"wpcf7-form-control wpcf7-text wpcf7-validates-as-required\" aria-required=\"true\" aria-invalid=\"false\" placeholder=\"Il to nome\" value=\"\" type=\"text\" name=\"your-name\" \/><\/span> <\/label><br \/>\n<label><br \/>\n<span class=\"wpcf7-form-control-wrap\" data-name=\"your-email\"><input size=\"40\" maxlength=\"400\" class=\"wpcf7-form-control wpcf7-email wpcf7-validates-as-required wpcf7-text wpcf7-validates-as-email\" aria-required=\"true\" aria-invalid=\"false\" placeholder=\"Email\" value=\"\" type=\"email\" name=\"your-email\" \/><\/span> <\/label><br \/>\n<label><br \/>\n<span class=\"wpcf7-form-control-wrap\" data-name=\"your-message\"><textarea cols=\"40\" rows=\"10\" maxlength=\"2000\" class=\"wpcf7-form-control wpcf7-textarea\" aria-invalid=\"false\" placeholder=\"Il tuo messaggio\" name=\"your-message\"><\/textarea><\/span> <\/label><br \/>\n<span class=\"wpcf7-form-control-wrap\" data-name=\"acceptance-704\"><span class=\"wpcf7-form-control wpcf7-acceptance\"><span class=\"wpcf7-list-item\"><label><input type=\"checkbox\" name=\"acceptance-704\" value=\"1\" aria-invalid=\"false\" \/><span class=\"wpcf7-list-item-label\">Accetto termini e condizioni<\/span><\/label><\/span><\/span><\/span>\n<\/p>\n<div class='submit'>\n\t<p><input class=\"wpcf7-form-control wpcf7-submit has-spinner\" type=\"submit\" value=\"Invia messaggio\" \/>\n\t<\/p>\n<\/div><div class=\"wpcf7-response-output\" aria-hidden=\"true\"><\/div>\n<input type=\"hidden\" name=\"trp-form-language\" value=\"en\"\/><\/form>\n<\/div>\n<div class=\"vc_empty_space  height_huge\"   style=\"height: 32px\"><span class=\"vc_empty_space_inner\"><\/span><\/div><\/div><\/div><\/div><\/div><div class=\"vc_row-full-width vc_clearfix\"><\/div>","protected":false},"excerpt":{"rendered":"Informazioni di contattoTi stiamo aspettandoLa nostra attivit\u00e0 \u00e8 ubicata a Lipari, arcipelago delle Isole Eolie - Sicilia. Puoi trovarci in contrada capistello SNC - \u00e8 disponibile anche un servizio navetta per raggiungere facilmente la destinazione Chiamaci +39 347 770 3461Orari d&#039;apertura 9:00 - 18:00Contrada Capistello, 98055 - Lipari (ME)lepiscinedieolo@gmail.comSentiti libero di contattarciScrivici un messaggio Accetto termini e condizioni","protected":false},"author":1,"featured_media":1069,"parent":0,"menu_order":0,"comment_status":"closed","ping_status":"closed","template":"","meta":{"footnotes":""},"class_list":["post-114","page","type-page","status-publish","has-post-thumbnail","hentry"],"yoast_head":"<!-- This site is optimized with the Yoast SEO plugin v27.0 - https:\/\/yoast.com\/product\/yoast-seo-wordpress\/ -->\n<title>Contatti - Le piscine di Eolo<\/title>\n<meta name=\"robots\" content=\"index, follow, max-snippet:-1, max-image-preview:large, max-video-preview:-1\" \/>\n<link rel=\"canonical\" href=\"https:\/\/lepiscinedieolo.it\/en\/contatti\/\" \/>\n<meta property=\"og:locale\" content=\"en_US\" \/>\n<meta property=\"og:type\" content=\"article\" \/>\n<meta property=\"og:title\" content=\"Contatti - Le piscine di Eolo\" \/>\n<meta property=\"og:url\" content=\"https:\/\/lepiscinedieolo.it\/en\/contatti\/\" \/>\n<meta property=\"og:site_name\" content=\"Le piscine di Eolo\" \/>\n<meta property=\"article:modified_time\" content=\"2026-02-21T12:18:06+00:00\" \/>\n<meta property=\"og:image\" content=\"https:\/\/lepiscinedieolo.it\/wp-content\/uploads\/2022\/05\/DSC_0032-scaled-e1653749096131-1024x389.jpg\" \/>\n\t<meta property=\"og:image:width\" content=\"1024\" \/>\n\t<meta property=\"og:image:height\" content=\"389\" \/>\n\t<meta property=\"og:image:type\" content=\"image\/jpeg\" \/>\n<meta name=\"twitter:card\" content=\"summary_large_image\" \/>\n<meta name=\"twitter:label1\" content=\"Est. reading time\" \/>\n\t<meta name=\"twitter:data1\" content=\"1 minute\" \/>\n<script type=\"application\/ld+json\" class=\"yoast-schema-graph\">{\"@context\":\"https:\/\/schema.org\",\"@graph\":[{\"@type\":\"WebPage\",\"@id\":\"https:\/\/lepiscinedieolo.it\/contatti\/\",\"url\":\"https:\/\/lepiscinedieolo.it\/contatti\/\",\"name\":\"Contatti - Le piscine di Eolo\",\"isPartOf\":{\"@id\":\"https:\/\/lepiscinedieolo.it\/#website\"},\"primaryImageOfPage\":{\"@id\":\"https:\/\/lepiscinedieolo.it\/contatti\/#primaryimage\"},\"image\":{\"@id\":\"https:\/\/lepiscinedieolo.it\/contatti\/#primaryimage\"},\"thumbnailUrl\":\"https:\/\/lepiscinedieolo.it\/wp-content\/uploads\/2022\/05\/DSC_0032-scaled-e1653749096131.jpg\",\"datePublished\":\"2017-06-27T10:54:17+00:00\",\"dateModified\":\"2026-02-21T12:18:06+00:00\",\"breadcrumb\":{\"@id\":\"https:\/\/lepiscinedieolo.it\/contatti\/#breadcrumb\"},\"inLanguage\":\"en-US\",\"potentialAction\":[{\"@type\":\"ReadAction\",\"target\":[\"https:\/\/lepiscinedieolo.it\/contatti\/\"]}]},{\"@type\":\"ImageObject\",\"inLanguage\":\"en-US\",\"@id\":\"https:\/\/lepiscinedieolo.it\/contatti\/#primaryimage\",\"url\":\"https:\/\/lepiscinedieolo.it\/wp-content\/uploads\/2022\/05\/DSC_0032-scaled-e1653749096131.jpg\",\"contentUrl\":\"https:\/\/lepiscinedieolo.it\/wp-content\/uploads\/2022\/05\/DSC_0032-scaled-e1653749096131.jpg\",\"width\":2560,\"height\":972},{\"@type\":\"BreadcrumbList\",\"@id\":\"https:\/\/lepiscinedieolo.it\/contatti\/#breadcrumb\",\"itemListElement\":[{\"@type\":\"ListItem\",\"position\":1,\"name\":\"Home\",\"item\":\"https:\/\/lepiscinedieolo.it\/\"},{\"@type\":\"ListItem\",\"position\":2,\"name\":\"Contatti\"}]},{\"@type\":\"WebSite\",\"@id\":\"https:\/\/lepiscinedieolo.it\/#website\",\"url\":\"https:\/\/lepiscinedieolo.it\/\",\"name\":\"Le piscine di Eolo\",\"description\":\"SPA &amp; Relax\",\"potentialAction\":[{\"@type\":\"SearchAction\",\"target\":{\"@type\":\"EntryPoint\",\"urlTemplate\":\"https:\/\/lepiscinedieolo.it\/?s={search_term_string}\"},\"query-input\":{\"@type\":\"PropertyValueSpecification\",\"valueRequired\":true,\"valueName\":\"search_term_string\"}}],\"inLanguage\":\"en-US\"}]}<\/script>\n<!-- \/ Yoast SEO plugin. -->","yoast_head_json":{"title":"Contatti - Le piscine di Eolo","robots":{"index":"index","follow":"follow","max-snippet":"max-snippet:-1","max-image-preview":"max-image-preview:large","max-video-preview":"max-video-preview:-1"},"canonical":"https:\/\/lepiscinedieolo.it\/en\/contatti\/","og_locale":"en_US","og_type":"article","og_title":"Contatti - Le piscine di Eolo","og_url":"https:\/\/lepiscinedieolo.it\/en\/contatti\/","og_site_name":"Le piscine di Eolo","article_modified_time":"2026-02-21T12:18:06+00:00","og_image":[{"width":1024,"height":389,"url":"https:\/\/lepiscinedieolo.it\/wp-content\/uploads\/2022\/05\/DSC_0032-scaled-e1653749096131-1024x389.jpg","type":"image\/jpeg"}],"twitter_card":"summary_large_image","twitter_misc":{"Est. reading time":"1 minute"},"schema":{"@context":"https:\/\/schema.org","@graph":[{"@type":"WebPage","@id":"https:\/\/lepiscinedieolo.it\/contatti\/","url":"https:\/\/lepiscinedieolo.it\/contatti\/","name":"Contatti - Le piscine di Eolo","isPartOf":{"@id":"https:\/\/lepiscinedieolo.it\/#website"},"primaryImageOfPage":{"@id":"https:\/\/lepiscinedieolo.it\/contatti\/#primaryimage"},"image":{"@id":"https:\/\/lepiscinedieolo.it\/contatti\/#primaryimage"},"thumbnailUrl":"https:\/\/lepiscinedieolo.it\/wp-content\/uploads\/2022\/05\/DSC_0032-scaled-e1653749096131.jpg","datePublished":"2017-06-27T10:54:17+00:00","dateModified":"2026-02-21T12:18:06+00:00","breadcrumb":{"@id":"https:\/\/lepiscinedieolo.it\/contatti\/#breadcrumb"},"inLanguage":"en-US","potentialAction":[{"@type":"ReadAction","target":["https:\/\/lepiscinedieolo.it\/contatti\/"]}]},{"@type":"ImageObject","inLanguage":"en-US","@id":"https:\/\/lepiscinedieolo.it\/contatti\/#primaryimage","url":"https:\/\/lepiscinedieolo.it\/wp-content\/uploads\/2022\/05\/DSC_0032-scaled-e1653749096131.jpg","contentUrl":"https:\/\/lepiscinedieolo.it\/wp-content\/uploads\/2022\/05\/DSC_0032-scaled-e1653749096131.jpg","width":2560,"height":972},{"@type":"BreadcrumbList","@id":"https:\/\/lepiscinedieolo.it\/contatti\/#breadcrumb","itemListElement":[{"@type":"ListItem","position":1,"name":"Home","item":"https:\/\/lepiscinedieolo.it\/"},{"@type":"ListItem","position":2,"name":"Contatti"}]},{"@type":"WebSite","@id":"https:\/\/lepiscinedieolo.it\/#website","url":"https:\/\/lepiscinedieolo.it\/","name":"Le piscine di Eolo","description":"SPA &amp; Relax","potentialAction":[{"@type":"SearchAction","target":{"@type":"EntryPoint","urlTemplate":"https:\/\/lepiscinedieolo.it\/?s={search_term_string}"},"query-input":{"@type":"PropertyValueSpecification","valueRequired":true,"valueName":"search_term_string"}}],"inLanguage":"en-US"}]}},"_links":{"self":[{"href":"https:\/\/lepiscinedieolo.it\/en\/wp-json\/wp\/v2\/pages\/114","targetHints":{"allow":["GET"]}}],"collection":[{"href":"https:\/\/lepiscinedieolo.it\/en\/wp-json\/wp\/v2\/pages"}],"about":[{"href":"https:\/\/lepiscinedieolo.it\/en\/wp-json\/wp\/v2\/types\/page"}],"author":[{"embeddable":true,"href":"https:\/\/lepiscinedieolo.it\/en\/wp-json\/wp\/v2\/users\/1"}],"replies":[{"embeddable":true,"href":"https:\/\/lepiscinedieolo.it\/en\/wp-json\/wp\/v2\/comments?post=114"}],"version-history":[{"count":5,"href":"https:\/\/lepiscinedieolo.it\/en\/wp-json\/wp\/v2\/pages\/114\/revisions"}],"predecessor-version":[{"id":1288,"href":"https:\/\/lepiscinedieolo.it\/en\/wp-json\/wp\/v2\/pages\/114\/revisions\/1288"}],"wp:featuredmedia":[{"embeddable":true,"href":"https:\/\/lepiscinedieolo.it\/en\/wp-json\/wp\/v2\/media\/1069"}],"wp:attachment":[{"href":"https:\/\/lepiscinedieolo.it\/en\/wp-json\/wp\/v2\/media?parent=114"}],"curies":[{"name":"wp","href":"https:\/\/api.w.org\/{rel}","templated":true}]}}